{"id":120,"date":"2022-08-31T15:00:41","date_gmt":"2022-08-31T12:00:41","guid":{"rendered":"https:\/\/www.fysijoni.fi\/?page_id=120"},"modified":"2025-04-17T15:22:30","modified_gmt":"2025-04-17T12:22:30","slug":"hieronta","status":"publish","type":"page","link":"https:\/\/www.fysijoni.fi\/index.php\/hieronta\/","title":{"rendered":"HIERONTA"},"content":{"rendered":"<div class=\"wp-block-image\">\n<figure class=\"aligncenter size-large\"><img loading=\"lazy\" decoding=\"async\" width=\"576\" height=\"1024\" src=\"https:\/\/www.fysijoni.fi\/wp-content\/uploads\/2025\/04\/Hierontamainos-17.4.2025-1-pdf-576x1024.jpg\" alt=\"\" class=\"wp-image-157\"\/><\/figure><\/div>\n\n\n<div class=\"wp-block-columns is-layout-flex wp-container-core-columns-is-layout-9d6595d7 wp-block-columns-is-layout-flex\">\n<div class=\"wp-block-column is-layout-flow wp-block-column-is-layout-flow\" style=\"flex-basis:100%\">\n<ul class=\"wp-block-list\">\n<li style=\"font-size:17px\">Teen my\u00f6s kotik\u00e4yntej\u00e4 pk-seudulla. Kotik\u00e4yntilis\u00e4 alk.10 euroa. Hintaan vaikuttaa sijainti ja onko samassa paikassa mahdollisesti useampi hieronta. Kysy tarjous!<\/li>\n<\/ul>\n<\/div>\n<\/div>\n","protected":false},"excerpt":{"rendered":"","protected":false},"author":1,"featured_media":0,"parent":0,"menu_order":0,"comment_status":"closed","ping_status":"closed","template":"","meta":{"footnotes":""},"class_list":["post-120","page","type-page","status-publish","hentry","entry"],"_links":{"self":[{"href":"https:\/\/www.fysijoni.fi\/index.php\/wp-json\/wp\/v2\/pages\/120","targetHints":{"allow":["GET"]}}],"collection":[{"href":"https:\/\/www.fysijoni.fi\/index.php\/wp-json\/wp\/v2\/pages"}],"about":[{"href":"https:\/\/www.fysijoni.fi\/index.php\/wp-json\/wp\/v2\/types\/page"}],"author":[{"embeddable":true,"href":"https:\/\/www.fysijoni.fi\/index.php\/wp-json\/wp\/v2\/users\/1"}],"replies":[{"embeddable":true,"href":"https:\/\/www.fysijoni.fi\/index.php\/wp-json\/wp\/v2\/comments?post=120"}],"version-history":[{"count":5,"href":"https:\/\/www.fysijoni.fi\/index.php\/wp-json\/wp\/v2\/pages\/120\/revisions"}],"predecessor-version":[{"id":161,"href":"https:\/\/www.fysijoni.fi\/index.php\/wp-json\/wp\/v2\/pages\/120\/revisions\/161"}],"wp:attachment":[{"href":"https:\/\/www.fysijoni.fi\/index.php\/wp-json\/wp\/v2\/media?parent=120"}],"curies":[{"name":"wp","href":"https:\/\/api.w.org\/{rel}","templated":true}]}}