{"id":7,"date":"2021-10-26T12:09:09","date_gmt":"2021-10-26T12:09:09","guid":{"rendered":"http:\/\/www.fysijoni.fi\/?page_id=7"},"modified":"2025-04-15T13:33:30","modified_gmt":"2025-04-15T10:33:30","slug":"1-2","status":"publish","type":"page","link":"https:\/\/www.fysijoni.fi\/","title":{"rendered":""},"content":{"rendered":"\n<figure class=\"wp-block-image alignwide size-full\"><img loading=\"lazy\" decoding=\"async\" width=\"477\" height=\"179\" src=\"https:\/\/www.fysijoni.fi\/wp-content\/uploads\/2025\/04\/Kopio-Logo-valkoisella-pohjalla.png\" alt=\"\" class=\"wp-image-143\" srcset=\"https:\/\/www.fysijoni.fi\/wp-content\/uploads\/2025\/04\/Kopio-Logo-valkoisella-pohjalla.png 477w, https:\/\/www.fysijoni.fi\/wp-content\/uploads\/2025\/04\/Kopio-Logo-valkoisella-pohjalla-300x113.png 300w\" sizes=\"auto, (max-width: 477px) 100vw, 477px\" \/><\/figure>\n\n\n\n<p style=\"font-size:12px\">FYSIOTERAPIA &#8211; HIERONTA &#8211; LIIKUNTAPALVELUT<\/p>\n\n\n\n<div class=\"wp-block-group alignwide\"><div class=\"wp-block-group__inner-container is-layout-flow wp-block-group-is-layout-flow\">\n<p style=\"font-size:10px\"><\/p>\n\n\n\n<h4 class=\"wp-block-heading has-text-align-center\" style=\"line-height:1.7\">Olen Joni Sundstr\u00f6m ja toteutan tarpeidesi mukaan fysioterapia-, hieronta- ja liikuntapalveluita. mm.henkil\u00f6kohtaista kuntoutusta, valmennusta tai neuvontaa. Laaditaan yhdess\u00e4 suunnitelma tavoitteidesi ja k\u00e4yt\u00f6ss\u00e4 olevien resurssien mukaan.<\/h4>\n\n\n\n<h4 class=\"wp-block-heading has-text-align-center\">Ota rohkeasti yhteytt\u00e4 ja keskustellaan sinulle sopivasta palvelusta!<\/h4>\n<\/div><\/div>\n\n\n\n<div class=\"wp-block-group\"><div class=\"wp-block-group__inner-container is-layout-flow wp-block-group-is-layout-flow\">\n<div class=\"wp-block-columns is-layout-flex wp-container-core-columns-is-layout-9d6595d7 wp-block-columns-is-layout-flex\">\n<div class=\"wp-block-column is-layout-flow wp-block-column-is-layout-flow\" style=\"flex-basis:100%\">\n<div class=\"wp-block-columns alignwide is-layout-flex wp-container-core-columns-is-layout-9d6595d7 wp-block-columns-is-layout-flex\">\n<div class=\"wp-block-column is-layout-flow wp-block-column-is-layout-flow\" style=\"flex-basis:100%\">\n<p class=\"has-text-align-left has-primary-background-color has-background\" style=\"font-size:20px\">Olen fysioterapeutti, hieroja ja liikunta-alan ammattilainen. Ty\u00f6kokemusta kertynyt liikunta-alalta 15 vuotta, hierojana 12 vuotta ja fysioterapeuttina 6 vuotta. Kokemusta l\u00f6ytyy yksil\u00f6- ja ryhm\u00e4liikunnan ohjaamisesta aina yksil\u00f6llisten kokonaisvaltaisempien harjoitus- ja kausisuunnitelmien tekemiseen. Asiakaskunta kansainv\u00e4lisist\u00e4 huippu-urheilijoista terveysliikkujiin. Toteutan my\u00f6s yksil\u00f6llisesti suunniteltuja luentoja, koulutuksia ja tyhy-p\u00e4ivien ohjelmia.<\/p>\n<\/div>\n<\/div>\n<\/div>\n<\/div>\n<\/div><\/div>\n\n\n\n<div class=\"wp-block-buttons is-layout-flex wp-block-buttons-is-layout-flex\">\n<div class=\"wp-block-button is-style-outline is-style-outline--1\"><a class=\"wp-block-button__link wp-element-button\" href=\"https:\/\/www.fysijoni.fi\/index.php\/2022\/09\/27\/mistasavoit\/\">Minun Blogi<\/a><\/div>\n<\/div>\n\n\n\n<p class=\"has-dark-gray-color has-text-color\"><strong>OTA YHTEYTT\u00c4:<\/strong><br>Joni Sundstr\u00f6m \/ 045-2022 922<br>joni.sundstrom@gmail.com <\/p>\n\n\n\n<p class=\"has-dark-gray-color has-text-color\">Instagram: FysiJoni<\/p>\n","protected":false},"excerpt":{"rendered":"<p>FYSIOTERAPIA &#8211; HIERONTA &#8211; LIIKUNTAPALVELUT Olen Joni Sundstr\u00f6m ja toteutan tarpeidesi mukaan fysioterapia-, hieronta- ja liikuntapalveluita. mm.henkil\u00f6kohtaista kuntoutusta, valmennusta tai neuvontaa. Laaditaan yhdess\u00e4 suunnitelma tavoitteidesi ja k\u00e4yt\u00f6ss\u00e4 olevien resurssien mukaan. Ota rohkeasti yhteytt\u00e4 ja keskustellaan sinulle sopivasta palvelusta! Olen fysioterapeutti, hieroja ja liikunta-alan ammattilainen. Ty\u00f6kokemusta kertynyt liikunta-alalta 15 vuotta, hierojana 12 vuotta ja fysioterapeuttina 6 &hellip; <\/p>\n<p class=\"link-more\"><a href=\"https:\/\/www.fysijoni.fi\/\" class=\"more-link\">Jatka lukemista<span class=\"screen-reader-text\"> &#8221;&#8221;<\/span><\/a><\/p>\n","protected":false},"author":1,"featured_media":63,"parent":0,"menu_order":0,"comment_status":"closed","ping_status":"closed","template":"","meta":{"footnotes":""},"class_list":["post-7","page","type-page","status-publish","has-post-thumbnail","hentry","entry"],"_links":{"self":[{"href":"https:\/\/www.fysijoni.fi\/index.php\/wp-json\/wp\/v2\/pages\/7","targetHints":{"allow":["GET"]}}],"collection":[{"href":"https:\/\/www.fysijoni.fi\/index.php\/wp-json\/wp\/v2\/pages"}],"about":[{"href":"https:\/\/www.fysijoni.fi\/index.php\/wp-json\/wp\/v2\/types\/page"}],"author":[{"embeddable":true,"href":"https:\/\/www.fysijoni.fi\/index.php\/wp-json\/wp\/v2\/users\/1"}],"replies":[{"embeddable":true,"href":"https:\/\/www.fysijoni.fi\/index.php\/wp-json\/wp\/v2\/comments?post=7"}],"version-history":[{"count":50,"href":"https:\/\/www.fysijoni.fi\/index.php\/wp-json\/wp\/v2\/pages\/7\/revisions"}],"predecessor-version":[{"id":154,"href":"https:\/\/www.fysijoni.fi\/index.php\/wp-json\/wp\/v2\/pages\/7\/revisions\/154"}],"wp:featuredmedia":[{"embeddable":true,"href":"https:\/\/www.fysijoni.fi\/index.php\/wp-json\/wp\/v2\/media\/63"}],"wp:attachment":[{"href":"https:\/\/www.fysijoni.fi\/index.php\/wp-json\/wp\/v2\/media?parent=7"}],"curies":[{"name":"wp","href":"https:\/\/api.w.org\/{rel}","templated":true}]}}